{"id":2114,"date":"2024-09-02T18:08:00","date_gmt":"2024-09-02T18:08:00","guid":{"rendered":"http:\/\/localhost:10028\/?page_id=2114"},"modified":"2026-01-30T13:52:28","modified_gmt":"2026-01-30T13:52:28","slug":"sertifikalarimiz","status":"publish","type":"page","link":"https:\/\/pentaxambalaj.com\/en\/sertifikalarimiz\/","title":{"rendered":"Our Certifications"},"content":{"rendered":"<div data-elementor-type=\"wp-page\" data-elementor-id=\"2114\" class=\"elementor elementor-2114\">\n\t\t\t\t<div class=\"elementor-element elementor-element-f6eabc0 parallax-section e-flex e-con-boxed rt-default-class e-con e-parent\" data-id=\"f6eabc0\" data-element_type=\"container\" data-settings=\"{&quot;background_background&quot;:&quot;classic&quot;}\">\n\t\t\t\t\t<div class=\"e-con-inner\">\n\t\t\t\t<div class=\"elementor-element elementor-element-fa1d8ef rt-default-class elementor-widget elementor-widget-rtbreadrumb\" data-id=\"fa1d8ef\" data-element_type=\"widget\" data-widget_type=\"rtbreadrumb.default\">\n\t\t\t\t<div class=\"elementor-widget-container\">\n\t\t\t\t\t    \r\n\r\n    <div class=\"breadcrumb-inner-addon\">\r\n        <div class=\"rt-title-part\">\r\n            <h1 class=\"page-title\">Our Certifications<\/h1>\r\n            Pentax        <\/div>\r\n        <div class=\"breadcrumb-path\">\r\n                <a href=\"https:\/\/pentaxambalaj.com\/en\/\">Home<\/a>            <\/div>\r\n    <\/div>   \r\n    \t\t\t\t<\/div>\n\t\t\t\t<\/div>\n\t\t\t\t\t<\/div>\n\t\t\t\t<\/div>\n\t\t<div class=\"elementor-element elementor-element-14b6b71 e-flex e-con-boxed rt-default-class e-con e-parent\" data-id=\"14b6b71\" data-element_type=\"container\">\n\t\t\t\t\t<div class=\"e-con-inner\">\n\t\t<div class=\"elementor-element elementor-element-be07577 e-con-full e-flex rt-default-class e-con e-child\" data-id=\"be07577\" data-element_type=\"container\">\n\t\t\t\t<\/div>\n\t\t<div class=\"elementor-element elementor-element-937bd27 e-con-full e-flex rt-default-class e-con e-child\" data-id=\"937bd27\" data-element_type=\"container\">\n\t\t\t\t<div class=\"elementor-element elementor-element-4db9378 rt-default-class elementor-widget elementor-widget-react-heading\" data-id=\"4db9378\" data-element_type=\"widget\" data-widget_type=\"react-heading.default\">\n\t\t\t\t<div class=\"elementor-widget-container\">\n\t\t\t\t\t\t\t<div class=\"animation-style2 react-heading default\">\r\n\t\t\t<div class=\"title-inner  bg_sub_text_no double_sub_text_no\">\r\n\t\t\t\t<span class=\"sub-text word-line\">Pentax<\/span><div class=\"split_collab_words\"><h2 class=\"title word-line\">Our Quality Standards &amp; Certifications<\/h2><\/div>\t\t\t<\/div>\r\n\t\t\t<span class=\"watermark\">Services<\/span>\t\t\t\t\t\t\t\t<\/div>\t\t\t\r\n\t\t\t\t\t<\/div>\n\t\t\t\t<\/div>\n\t\t\t\t<\/div>\n\t\t<div class=\"elementor-element elementor-element-7928d6a e-con-full e-flex rt-default-class e-con e-child\" data-id=\"7928d6a\" data-element_type=\"container\">\n\t\t\t\t<\/div>\n\t\t\t\t\t<\/div>\n\t\t\t\t<\/div>\n\t\t<div class=\"elementor-element elementor-element-52c08ba e-flex e-con-boxed rt-default-class e-con e-parent\" data-id=\"52c08ba\" data-element_type=\"container\">\n\t\t\t\t\t<div class=\"e-con-inner\">\n\t\t\t\t<div class=\"elementor-element elementor-element-ecc27b3 gallery-spacing-custom rt-default-class elementor-widget elementor-widget-image-gallery\" data-id=\"ecc27b3\" data-element_type=\"widget\" data-widget_type=\"image-gallery.default\">\n\t\t\t\t\t\t\t<div class=\"elementor-image-gallery\">\n\t\t\t<div id='gallery-1' class='gallery galleryid-2114 gallery-columns-3 gallery-size-full'><figure class='gallery-item'>\n\t\t\t<div class='gallery-icon portrait'>\n\t\t\t\t<a data-elementor-open-lightbox=\"yes\" data-elementor-lightbox-slideshow=\"ecc27b3\" data-e-action-hash=\"#elementor-action%3Aaction%3Dlightbox%26settings%3DeyJpZCI6NDI0NiwidXJsIjoiaHR0cHM6XC9cL3BlbnRheGFtYmFsYWouY29tXC93cC1jb250ZW50XC91cGxvYWRzXC8yMDI2XC8wMVwvV2hhdHNBcHAtSW1hZ2UtMjAyNi0wMS0xOC1hdC0xMy40Mi41NS0yLmpwZWciLCJzbGlkZXNob3ciOiJlY2MyN2IzIn0%3D\" href='https:\/\/pentaxambalaj.com\/wp-content\/uploads\/2026\/01\/WhatsApp-Image-2026-01-18-at-13.42.55-2.jpeg'><img fetchpriority=\"high\" decoding=\"async\" width=\"1138\" height=\"1600\" src=\"https:\/\/pentaxambalaj.com\/wp-content\/uploads\/2026\/01\/WhatsApp-Image-2026-01-18-at-13.42.55-2.jpeg\" class=\"attachment-full size-full\" alt=\"\" srcset=\"https:\/\/pentaxambalaj.com\/wp-content\/uploads\/2026\/01\/WhatsApp-Image-2026-01-18-at-13.42.55-2.jpeg 1138w, https:\/\/pentaxambalaj.com\/wp-content\/uploads\/2026\/01\/WhatsApp-Image-2026-01-18-at-13.42.55-2-213x300.jpeg 213w, https:\/\/pentaxambalaj.com\/wp-content\/uploads\/2026\/01\/WhatsApp-Image-2026-01-18-at-13.42.55-2-728x1024.jpeg 728w, https:\/\/pentaxambalaj.com\/wp-content\/uploads\/2026\/01\/WhatsApp-Image-2026-01-18-at-13.42.55-2-768x1080.jpeg 768w, https:\/\/pentaxambalaj.com\/wp-content\/uploads\/2026\/01\/WhatsApp-Image-2026-01-18-at-13.42.55-2-1092x1536.jpeg 1092w\" sizes=\"(max-width: 1138px) 100vw, 1138px\" \/><\/a>\n\t\t\t<\/div><\/figure><figure class='gallery-item'>\n\t\t\t<div class='gallery-icon portrait'>\n\t\t\t\t<a data-elementor-open-lightbox=\"yes\" data-elementor-lightbox-slideshow=\"ecc27b3\" data-e-action-hash=\"#elementor-action%3Aaction%3Dlightbox%26settings%3DeyJpZCI6NDI1NCwidXJsIjoiaHR0cHM6XC9cL3BlbnRheGFtYmFsYWouY29tXC93cC1jb250ZW50XC91cGxvYWRzXC8yMDI2XC8wMVwvV2hhdHNBcHAtSW1hZ2UtMjAyNi0wMS0xOC1hdC0xMy40Mi41Mi5qcGVnIiwic2xpZGVzaG93IjoiZWNjMjdiMyJ9\" href='https:\/\/pentaxambalaj.com\/wp-content\/uploads\/2026\/01\/WhatsApp-Image-2026-01-18-at-13.42.52.jpeg'><img decoding=\"async\" width=\"1133\" height=\"1600\" src=\"https:\/\/pentaxambalaj.com\/wp-content\/uploads\/2026\/01\/WhatsApp-Image-2026-01-18-at-13.42.52.jpeg\" class=\"attachment-full size-full\" alt=\"\" srcset=\"https:\/\/pentaxambalaj.com\/wp-content\/uploads\/2026\/01\/WhatsApp-Image-2026-01-18-at-13.42.52.jpeg 1133w, https:\/\/pentaxambalaj.com\/wp-content\/uploads\/2026\/01\/WhatsApp-Image-2026-01-18-at-13.42.52-212x300.jpeg 212w, https:\/\/pentaxambalaj.com\/wp-content\/uploads\/2026\/01\/WhatsApp-Image-2026-01-18-at-13.42.52-725x1024.jpeg 725w, https:\/\/pentaxambalaj.com\/wp-content\/uploads\/2026\/01\/WhatsApp-Image-2026-01-18-at-13.42.52-768x1085.jpeg 768w, https:\/\/pentaxambalaj.com\/wp-content\/uploads\/2026\/01\/WhatsApp-Image-2026-01-18-at-13.42.52-1088x1536.jpeg 1088w\" sizes=\"(max-width: 1133px) 100vw, 1133px\" \/><\/a>\n\t\t\t<\/div><\/figure><figure class='gallery-item'>\n\t\t\t<div class='gallery-icon portrait'>\n\t\t\t\t<a data-elementor-open-lightbox=\"yes\" data-elementor-lightbox-slideshow=\"ecc27b3\" data-e-action-hash=\"#elementor-action%3Aaction%3Dlightbox%26settings%3DeyJpZCI6NDI1MywidXJsIjoiaHR0cHM6XC9cL3BlbnRheGFtYmFsYWouY29tXC93cC1jb250ZW50XC91cGxvYWRzXC8yMDI2XC8wMVwvV2hhdHNBcHAtSW1hZ2UtMjAyNi0wMS0xOC1hdC0xMy40Mi41Mi0xLmpwZWciLCJzbGlkZXNob3ciOiJlY2MyN2IzIn0%3D\" href='https:\/\/pentaxambalaj.com\/wp-content\/uploads\/2026\/01\/WhatsApp-Image-2026-01-18-at-13.42.52-1.jpeg'><img decoding=\"async\" width=\"1145\" height=\"1600\" src=\"https:\/\/pentaxambalaj.com\/wp-content\/uploads\/2026\/01\/WhatsApp-Image-2026-01-18-at-13.42.52-1.jpeg\" class=\"attachment-full size-full\" alt=\"\" srcset=\"https:\/\/pentaxambalaj.com\/wp-content\/uploads\/2026\/01\/WhatsApp-Image-2026-01-18-at-13.42.52-1.jpeg 1145w, https:\/\/pentaxambalaj.com\/wp-content\/uploads\/2026\/01\/WhatsApp-Image-2026-01-18-at-13.42.52-1-215x300.jpeg 215w, https:\/\/pentaxambalaj.com\/wp-content\/uploads\/2026\/01\/WhatsApp-Image-2026-01-18-at-13.42.52-1-733x1024.jpeg 733w, https:\/\/pentaxambalaj.com\/wp-content\/uploads\/2026\/01\/WhatsApp-Image-2026-01-18-at-13.42.52-1-768x1073.jpeg 768w, https:\/\/pentaxambalaj.com\/wp-content\/uploads\/2026\/01\/WhatsApp-Image-2026-01-18-at-13.42.52-1-1099x1536.jpeg 1099w\" sizes=\"(max-width: 1145px) 100vw, 1145px\" \/><\/a>\n\t\t\t<\/div><\/figure><figure class='gallery-item'>\n\t\t\t<div class='gallery-icon portrait'>\n\t\t\t\t<a data-elementor-open-lightbox=\"yes\" data-elementor-lightbox-slideshow=\"ecc27b3\" data-e-action-hash=\"#elementor-action%3Aaction%3Dlightbox%26settings%3DeyJpZCI6NDI1MiwidXJsIjoiaHR0cHM6XC9cL3BlbnRheGFtYmFsYWouY29tXC93cC1jb250ZW50XC91cGxvYWRzXC8yMDI2XC8wMVwvV2hhdHNBcHAtSW1hZ2UtMjAyNi0wMS0xOC1hdC0xMy40Mi41Mi0yLmpwZWciLCJzbGlkZXNob3ciOiJlY2MyN2IzIn0%3D\" href='https:\/\/pentaxambalaj.com\/wp-content\/uploads\/2026\/01\/WhatsApp-Image-2026-01-18-at-13.42.52-2.jpeg'><img loading=\"lazy\" decoding=\"async\" width=\"1131\" height=\"1600\" src=\"https:\/\/pentaxambalaj.com\/wp-content\/uploads\/2026\/01\/WhatsApp-Image-2026-01-18-at-13.42.52-2.jpeg\" class=\"attachment-full size-full\" alt=\"\" srcset=\"https:\/\/pentaxambalaj.com\/wp-content\/uploads\/2026\/01\/WhatsApp-Image-2026-01-18-at-13.42.52-2.jpeg 1131w, https:\/\/pentaxambalaj.com\/wp-content\/uploads\/2026\/01\/WhatsApp-Image-2026-01-18-at-13.42.52-2-212x300.jpeg 212w, https:\/\/pentaxambalaj.com\/wp-content\/uploads\/2026\/01\/WhatsApp-Image-2026-01-18-at-13.42.52-2-724x1024.jpeg 724w, https:\/\/pentaxambalaj.com\/wp-content\/uploads\/2026\/01\/WhatsApp-Image-2026-01-18-at-13.42.52-2-768x1086.jpeg 768w, https:\/\/pentaxambalaj.com\/wp-content\/uploads\/2026\/01\/WhatsApp-Image-2026-01-18-at-13.42.52-2-1086x1536.jpeg 1086w\" sizes=\"(max-width: 1131px) 100vw, 1131px\" \/><\/a>\n\t\t\t<\/div><\/figure><figure class='gallery-item'>\n\t\t\t<div class='gallery-icon portrait'>\n\t\t\t\t<a data-elementor-open-lightbox=\"yes\" data-elementor-lightbox-slideshow=\"ecc27b3\" data-e-action-hash=\"#elementor-action%3Aaction%3Dlightbox%26settings%3DeyJpZCI6NDI1MSwidXJsIjoiaHR0cHM6XC9cL3BlbnRheGFtYmFsYWouY29tXC93cC1jb250ZW50XC91cGxvYWRzXC8yMDI2XC8wMVwvV2hhdHNBcHAtSW1hZ2UtMjAyNi0wMS0xOC1hdC0xMy40Mi41My5qcGVnIiwic2xpZGVzaG93IjoiZWNjMjdiMyJ9\" href='https:\/\/pentaxambalaj.com\/wp-content\/uploads\/2026\/01\/WhatsApp-Image-2026-01-18-at-13.42.53.jpeg'><img loading=\"lazy\" decoding=\"async\" width=\"1137\" height=\"1600\" src=\"https:\/\/pentaxambalaj.com\/wp-content\/uploads\/2026\/01\/WhatsApp-Image-2026-01-18-at-13.42.53.jpeg\" class=\"attachment-full size-full\" alt=\"\" srcset=\"https:\/\/pentaxambalaj.com\/wp-content\/uploads\/2026\/01\/WhatsApp-Image-2026-01-18-at-13.42.53.jpeg 1137w, https:\/\/pentaxambalaj.com\/wp-content\/uploads\/2026\/01\/WhatsApp-Image-2026-01-18-at-13.42.53-213x300.jpeg 213w, https:\/\/pentaxambalaj.com\/wp-content\/uploads\/2026\/01\/WhatsApp-Image-2026-01-18-at-13.42.53-728x1024.jpeg 728w, https:\/\/pentaxambalaj.com\/wp-content\/uploads\/2026\/01\/WhatsApp-Image-2026-01-18-at-13.42.53-768x1081.jpeg 768w, https:\/\/pentaxambalaj.com\/wp-content\/uploads\/2026\/01\/WhatsApp-Image-2026-01-18-at-13.42.53-1092x1536.jpeg 1092w\" sizes=\"(max-width: 1137px) 100vw, 1137px\" \/><\/a>\n\t\t\t<\/div><\/figure><figure class='gallery-item'>\n\t\t\t<div class='gallery-icon portrait'>\n\t\t\t\t<a data-elementor-open-lightbox=\"yes\" data-elementor-lightbox-slideshow=\"ecc27b3\" data-e-action-hash=\"#elementor-action%3Aaction%3Dlightbox%26settings%3DeyJpZCI6NDI1MCwidXJsIjoiaHR0cHM6XC9cL3BlbnRheGFtYmFsYWouY29tXC93cC1jb250ZW50XC91cGxvYWRzXC8yMDI2XC8wMVwvV2hhdHNBcHAtSW1hZ2UtMjAyNi0wMS0xOC1hdC0xMy40Mi41NC5qcGVnIiwic2xpZGVzaG93IjoiZWNjMjdiMyJ9\" href='https:\/\/pentaxambalaj.com\/wp-content\/uploads\/2026\/01\/WhatsApp-Image-2026-01-18-at-13.42.54.jpeg'><img loading=\"lazy\" decoding=\"async\" width=\"1131\" height=\"1600\" src=\"https:\/\/pentaxambalaj.com\/wp-content\/uploads\/2026\/01\/WhatsApp-Image-2026-01-18-at-13.42.54.jpeg\" class=\"attachment-full size-full\" alt=\"\" srcset=\"https:\/\/pentaxambalaj.com\/wp-content\/uploads\/2026\/01\/WhatsApp-Image-2026-01-18-at-13.42.54.jpeg 1131w, https:\/\/pentaxambalaj.com\/wp-content\/uploads\/2026\/01\/WhatsApp-Image-2026-01-18-at-13.42.54-212x300.jpeg 212w, https:\/\/pentaxambalaj.com\/wp-content\/uploads\/2026\/01\/WhatsApp-Image-2026-01-18-at-13.42.54-724x1024.jpeg 724w, https:\/\/pentaxambalaj.com\/wp-content\/uploads\/2026\/01\/WhatsApp-Image-2026-01-18-at-13.42.54-768x1086.jpeg 768w, https:\/\/pentaxambalaj.com\/wp-content\/uploads\/2026\/01\/WhatsApp-Image-2026-01-18-at-13.42.54-1086x1536.jpeg 1086w\" sizes=\"(max-width: 1131px) 100vw, 1131px\" \/><\/a>\n\t\t\t<\/div><\/figure><figure class='gallery-item'>\n\t\t\t<div class='gallery-icon portrait'>\n\t\t\t\t<a data-elementor-open-lightbox=\"yes\" data-elementor-lightbox-slideshow=\"ecc27b3\" data-e-action-hash=\"#elementor-action%3Aaction%3Dlightbox%26settings%3DeyJpZCI6NDI0OSwidXJsIjoiaHR0cHM6XC9cL3BlbnRheGFtYmFsYWouY29tXC93cC1jb250ZW50XC91cGxvYWRzXC8yMDI2XC8wMVwvV2hhdHNBcHAtSW1hZ2UtMjAyNi0wMS0xOC1hdC0xMy40Mi41NC0xLmpwZWciLCJzbGlkZXNob3ciOiJlY2MyN2IzIn0%3D\" href='https:\/\/pentaxambalaj.com\/wp-content\/uploads\/2026\/01\/WhatsApp-Image-2026-01-18-at-13.42.54-1.jpeg'><img loading=\"lazy\" decoding=\"async\" width=\"1133\" height=\"1600\" src=\"https:\/\/pentaxambalaj.com\/wp-content\/uploads\/2026\/01\/WhatsApp-Image-2026-01-18-at-13.42.54-1.jpeg\" class=\"attachment-full size-full\" alt=\"\" srcset=\"https:\/\/pentaxambalaj.com\/wp-content\/uploads\/2026\/01\/WhatsApp-Image-2026-01-18-at-13.42.54-1.jpeg 1133w, https:\/\/pentaxambalaj.com\/wp-content\/uploads\/2026\/01\/WhatsApp-Image-2026-01-18-at-13.42.54-1-212x300.jpeg 212w, https:\/\/pentaxambalaj.com\/wp-content\/uploads\/2026\/01\/WhatsApp-Image-2026-01-18-at-13.42.54-1-725x1024.jpeg 725w, https:\/\/pentaxambalaj.com\/wp-content\/uploads\/2026\/01\/WhatsApp-Image-2026-01-18-at-13.42.54-1-768x1085.jpeg 768w, https:\/\/pentaxambalaj.com\/wp-content\/uploads\/2026\/01\/WhatsApp-Image-2026-01-18-at-13.42.54-1-1088x1536.jpeg 1088w\" sizes=\"(max-width: 1133px) 100vw, 1133px\" \/><\/a>\n\t\t\t<\/div><\/figure><figure class='gallery-item'>\n\t\t\t<div class='gallery-icon portrait'>\n\t\t\t\t<a data-elementor-open-lightbox=\"yes\" data-elementor-lightbox-slideshow=\"ecc27b3\" data-e-action-hash=\"#elementor-action%3Aaction%3Dlightbox%26settings%3DeyJpZCI6NDI0OCwidXJsIjoiaHR0cHM6XC9cL3BlbnRheGFtYmFsYWouY29tXC93cC1jb250ZW50XC91cGxvYWRzXC8yMDI2XC8wMVwvV2hhdHNBcHAtSW1hZ2UtMjAyNi0wMS0xOC1hdC0xMy40Mi41NS5qcGVnIiwic2xpZGVzaG93IjoiZWNjMjdiMyJ9\" href='https:\/\/pentaxambalaj.com\/wp-content\/uploads\/2026\/01\/WhatsApp-Image-2026-01-18-at-13.42.55.jpeg'><img loading=\"lazy\" decoding=\"async\" width=\"1131\" height=\"1600\" src=\"https:\/\/pentaxambalaj.com\/wp-content\/uploads\/2026\/01\/WhatsApp-Image-2026-01-18-at-13.42.55.jpeg\" class=\"attachment-full size-full\" alt=\"\" srcset=\"https:\/\/pentaxambalaj.com\/wp-content\/uploads\/2026\/01\/WhatsApp-Image-2026-01-18-at-13.42.55.jpeg 1131w, https:\/\/pentaxambalaj.com\/wp-content\/uploads\/2026\/01\/WhatsApp-Image-2026-01-18-at-13.42.55-212x300.jpeg 212w, https:\/\/pentaxambalaj.com\/wp-content\/uploads\/2026\/01\/WhatsApp-Image-2026-01-18-at-13.42.55-724x1024.jpeg 724w, https:\/\/pentaxambalaj.com\/wp-content\/uploads\/2026\/01\/WhatsApp-Image-2026-01-18-at-13.42.55-768x1086.jpeg 768w, https:\/\/pentaxambalaj.com\/wp-content\/uploads\/2026\/01\/WhatsApp-Image-2026-01-18-at-13.42.55-1086x1536.jpeg 1086w\" sizes=\"(max-width: 1131px) 100vw, 1131px\" \/><\/a>\n\t\t\t<\/div><\/figure><figure class='gallery-item'>\n\t\t\t<div class='gallery-icon portrait'>\n\t\t\t\t<a data-elementor-open-lightbox=\"yes\" data-elementor-lightbox-slideshow=\"ecc27b3\" data-e-action-hash=\"#elementor-action%3Aaction%3Dlightbox%26settings%3DeyJpZCI6NDI0NywidXJsIjoiaHR0cHM6XC9cL3BlbnRheGFtYmFsYWouY29tXC93cC1jb250ZW50XC91cGxvYWRzXC8yMDI2XC8wMVwvV2hhdHNBcHAtSW1hZ2UtMjAyNi0wMS0xOC1hdC0xMy40Mi41NS0xLmpwZWciLCJzbGlkZXNob3ciOiJlY2MyN2IzIn0%3D\" href='https:\/\/pentaxambalaj.com\/wp-content\/uploads\/2026\/01\/WhatsApp-Image-2026-01-18-at-13.42.55-1.jpeg'><img loading=\"lazy\" decoding=\"async\" width=\"1135\" height=\"1600\" src=\"https:\/\/pentaxambalaj.com\/wp-content\/uploads\/2026\/01\/WhatsApp-Image-2026-01-18-at-13.42.55-1.jpeg\" class=\"attachment-full size-full\" alt=\"\" srcset=\"https:\/\/pentaxambalaj.com\/wp-content\/uploads\/2026\/01\/WhatsApp-Image-2026-01-18-at-13.42.55-1.jpeg 1135w, https:\/\/pentaxambalaj.com\/wp-content\/uploads\/2026\/01\/WhatsApp-Image-2026-01-18-at-13.42.55-1-213x300.jpeg 213w, https:\/\/pentaxambalaj.com\/wp-content\/uploads\/2026\/01\/WhatsApp-Image-2026-01-18-at-13.42.55-1-726x1024.jpeg 726w, https:\/\/pentaxambalaj.com\/wp-content\/uploads\/2026\/01\/WhatsApp-Image-2026-01-18-at-13.42.55-1-768x1083.jpeg 768w, https:\/\/pentaxambalaj.com\/wp-content\/uploads\/2026\/01\/WhatsApp-Image-2026-01-18-at-13.42.55-1-1090x1536.jpeg 1090w\" sizes=\"(max-width: 1135px) 100vw, 1135px\" \/><\/a>\n\t\t\t<\/div><\/figure>\n\t\t<\/div>\n\t\t<\/div>\n\t\t\t\t\t\t<\/div>\n\t\t\t\t\t<\/div>\n\t\t\t\t<\/div>\n\t\t\t\t<\/div>","protected":false},"excerpt":{"rendered":"<p>Sertifikalar\u0131m\u0131z Pentax Ambalaj Anasayfa Pentax Ambalaj Kalite Standartlar\u0131m\u0131z ve Sertifikalar\u0131m\u0131z Services<\/p>","protected":false},"author":1,"featured_media":0,"parent":0,"menu_order":0,"comment_status":"closed","ping_status":"closed","template":"elementor_header_footer","meta":{"footnotes":""},"class_list":["post-2114","page","type-page","status-publish","hentry"],"_links":{"self":[{"href":"https:\/\/pentaxambalaj.com\/en\/wp-json\/wp\/v2\/pages\/2114","targetHints":{"allow":["GET"]}}],"collection":[{"href":"https:\/\/pentaxambalaj.com\/en\/wp-json\/wp\/v2\/pages"}],"about":[{"href":"https:\/\/pentaxambalaj.com\/en\/wp-json\/wp\/v2\/types\/page"}],"author":[{"embeddable":true,"href":"https:\/\/pentaxambalaj.com\/en\/wp-json\/wp\/v2\/users\/1"}],"replies":[{"embeddable":true,"href":"https:\/\/pentaxambalaj.com\/en\/wp-json\/wp\/v2\/comments?post=2114"}],"version-history":[{"count":14,"href":"https:\/\/pentaxambalaj.com\/en\/wp-json\/wp\/v2\/pages\/2114\/revisions"}],"predecessor-version":[{"id":4430,"href":"https:\/\/pentaxambalaj.com\/en\/wp-json\/wp\/v2\/pages\/2114\/revisions\/4430"}],"wp:attachment":[{"href":"https:\/\/pentaxambalaj.com\/en\/wp-json\/wp\/v2\/media?parent=2114"}],"curies":[{"name":"wp","href":"https:\/\/api.w.org\/{rel}","templated":true}]}}